{"id":50,"date":"2025-04-09T20:38:26","date_gmt":"2025-04-09T18:38:26","guid":{"rendered":"https:\/\/www.truhlarstvi-ryba.com\/?page_id=50"},"modified":"2025-11-18T22:04:12","modified_gmt":"2025-11-18T21:04:12","slug":"galerie","status":"publish","type":"page","link":"https:\/\/www.truhlarstvi-ryba.com\/index.php\/galerie\/","title":{"rendered":"GALERIE"},"content":{"rendered":"\n<div class=\"wp-block-group alignfull has-background-background-color has-background has-global-padding is-layout-constrained wp-container-core-group-is-layout-7276a2bb wp-block-group-is-layout-constrained\" style=\"margin-top:0;margin-bottom:0;padding-top:var(--wp--preset--spacing--60);padding-right:var(--wp--preset--spacing--30);padding-bottom:var(--wp--preset--spacing--60);padding-left:var(--wp--preset--spacing--30)\">\n<div class=\"wp-block-group alignwide is-vertical is-layout-flex wp-container-core-group-is-layout-fe9cc265 wp-block-group-is-layout-flex\">\n<div class=\"wp-block-group has-global-padding is-layout-constrained wp-block-group-is-layout-constrained\">\n<h2 class=\"wp-block-heading has-large-font-size\">Prozkoumejte n\u00e1\u0161 \u00fachvatn\u00fd galerie.<\/h2>\n\n\n\n<p style=\"margin-top:16px\">Tato sekce zd\u016fraz\u0148uje pe\u010dliv\u011b vybranou sb\u00edrku obr\u00e1zk\u016f, kter\u00e9 ukazuj\u00ed kr\u00e1su a podstatu va\u0161ich nab\u00eddek.<\/p>\n<\/div>\n\n\n\n<p>GALERII P\u0158IPRAVUJEME.<\/p>\n<\/div>\n\n\n\n<div class=\"wp-block-group alignwide has-global-padding is-layout-constrained wp-block-group-is-layout-constrained\">\n<div class=\"wp-block-columns alignwide is-layout-flex wp-container-core-columns-is-layout-87beb0d0 wp-block-columns-is-layout-flex\">\n<div class=\"wp-block-column is-layout-flow wp-container-core-column-is-layout-f5bb311e wp-block-column-is-layout-flow\">\n<div class=\"wp-block-cover\"><img loading=\"lazy\" decoding=\"async\" width=\"768\" height=\"1024\" class=\"wp-block-cover__image-background wp-image-157\" alt=\"\" src=\"https:\/\/www.truhlarstvi-ryba.com\/wp-content\/uploads\/2025\/05\/IMG-202210061-WA0001.jpg\" data-object-fit=\"cover\" srcset=\"https:\/\/www.truhlarstvi-ryba.com\/wp-content\/uploads\/2025\/05\/IMG-202210061-WA0001.jpg 768w, https:\/\/www.truhlarstvi-ryba.com\/wp-content\/uploads\/2025\/05\/IMG-202210061-WA0001-225x300.jpg 225w\" sizes=\"auto, (max-width: 768px) 100vw, 768px\" \/><span aria-hidden=\"true\" class=\"wp-block-cover__background has-background-dim\"><\/span><div class=\"wp-block-cover__inner-container is-layout-flow wp-block-cover-is-layout-flow\">\n<p><\/p>\n\n\n\n<p><\/p>\n\n\n\n<p><\/p>\n\n\n\n<p><\/p>\n\n\n\n<p><\/p>\n\n\n\n<p><\/p>\n\n\n\n<p><\/p>\n\n\n\n<p><\/p>\n\n\n\n<p>DVE\u0158E  DUBOV\u00c9 INTERI\u00c9ROV\u00c9<\/p>\n\n\n\n<p class=\"has-text-align-center has-large-font-size\"><\/p>\n<\/div><\/div>\n\n\n\n<div class=\"wp-block-cover\"><img loading=\"lazy\" decoding=\"async\" width=\"1024\" height=\"768\" class=\"wp-block-cover__image-background wp-image-66\" alt=\"\" src=\"https:\/\/www.truhlarstvi-ryba.com\/wp-content\/uploads\/2025\/04\/IMG-20250404-WA0027-1024x768.jpg\" data-object-fit=\"cover\" srcset=\"https:\/\/www.truhlarstvi-ryba.com\/wp-content\/uploads\/2025\/04\/IMG-20250404-WA0027-1024x768.jpg 1024w, https:\/\/www.truhlarstvi-ryba.com\/wp-content\/uploads\/2025\/04\/IMG-20250404-WA0027-300x225.jpg 300w, https:\/\/www.truhlarstvi-ryba.com\/wp-content\/uploads\/2025\/04\/IMG-20250404-WA0027-768x576.jpg 768w, https:\/\/www.truhlarstvi-ryba.com\/wp-content\/uploads\/2025\/04\/IMG-20250404-WA0027-1536x1152.jpg 1536w, https:\/\/www.truhlarstvi-ryba.com\/wp-content\/uploads\/2025\/04\/IMG-20250404-WA0027.jpg 1600w\" sizes=\"auto, (max-width: 1024px) 100vw, 1024px\" \/><span aria-hidden=\"true\" class=\"wp-block-cover__background has-background-dim\"><\/span><div class=\"wp-block-cover__inner-container is-layout-flow wp-block-cover-is-layout-flow\">\n<p><\/p>\n\n\n\n<p><\/p>\n\n\n\n<p><\/p>\n\n\n\n<p><\/p>\n\n\n\n<p><\/p>\n\n\n\n<p><\/p>\n\n\n\n<p><\/p>\n\n\n\n<p><\/p>\n\n\n\n<p><\/p>\n\n\n\n<p>DVE\u0158E POSUVN\u00c9 DVOUK\u0158\u00cdDL\u00c9<\/p>\n<\/div><\/div>\n\n\n\n<div class=\"wp-block-cover\"><img loading=\"lazy\" decoding=\"async\" width=\"768\" height=\"1024\" class=\"wp-block-cover__image-background wp-image-131\" alt=\"\" src=\"https:\/\/www.truhlarstvi-ryba.com\/wp-content\/uploads\/2025\/04\/Messenger_creation_9CF092B3-1140-4A21-BC0D-5801669D761A-768x1024.jpeg\" data-object-fit=\"cover\" srcset=\"https:\/\/www.truhlarstvi-ryba.com\/wp-content\/uploads\/2025\/04\/Messenger_creation_9CF092B3-1140-4A21-BC0D-5801669D761A-768x1024.jpeg 768w, https:\/\/www.truhlarstvi-ryba.com\/wp-content\/uploads\/2025\/04\/Messenger_creation_9CF092B3-1140-4A21-BC0D-5801669D761A-225x300.jpeg 225w, https:\/\/www.truhlarstvi-ryba.com\/wp-content\/uploads\/2025\/04\/Messenger_creation_9CF092B3-1140-4A21-BC0D-5801669D761A-1152x1536.jpeg 1152w, https:\/\/www.truhlarstvi-ryba.com\/wp-content\/uploads\/2025\/04\/Messenger_creation_9CF092B3-1140-4A21-BC0D-5801669D761A.jpeg 1536w\" sizes=\"auto, (max-width: 768px) 100vw, 768px\" \/><span aria-hidden=\"true\" class=\"wp-block-cover__background has-background-dim\"><\/span><div class=\"wp-block-cover__inner-container is-layout-flow wp-block-cover-is-layout-flow\">\n<p><\/p>\n\n\n\n<p><\/p>\n\n\n\n<p><\/p>\n\n\n\n<p><\/p>\n\n\n\n<p><\/p>\n\n\n\n<p><\/p>\n\n\n\n<p><\/p>\n\n\n\n<p><\/p>\n\n\n\n<p><\/p>\n\n\n\n<p><\/p>\n\n\n\n<p><\/p>\n\n\n\n<p><\/p>\n\n\n\n<p><\/p>\n\n\n\n<p><\/p>\n\n\n\n<p>SCHODY SAMONOSN\u00c9<\/p>\n<\/div><\/div>\n\n\n\n<figure class=\"wp-block-image size-large\"><img loading=\"lazy\" decoding=\"async\" width=\"1024\" height=\"768\" src=\"https:\/\/www.truhlarstvi-ryba.com\/wp-content\/uploads\/2025\/04\/Messenger_creation_3FAE1A9F-78EC-49E5-B4D3-68532BF474F0-1024x768.jpeg\" alt=\"\" class=\"wp-image-127\" srcset=\"https:\/\/www.truhlarstvi-ryba.com\/wp-content\/uploads\/2025\/04\/Messenger_creation_3FAE1A9F-78EC-49E5-B4D3-68532BF474F0-1024x768.jpeg 1024w, https:\/\/www.truhlarstvi-ryba.com\/wp-content\/uploads\/2025\/04\/Messenger_creation_3FAE1A9F-78EC-49E5-B4D3-68532BF474F0-300x225.jpeg 300w, https:\/\/www.truhlarstvi-ryba.com\/wp-content\/uploads\/2025\/04\/Messenger_creation_3FAE1A9F-78EC-49E5-B4D3-68532BF474F0-768x576.jpeg 768w, https:\/\/www.truhlarstvi-ryba.com\/wp-content\/uploads\/2025\/04\/Messenger_creation_3FAE1A9F-78EC-49E5-B4D3-68532BF474F0-1536x1152.jpeg 1536w, https:\/\/www.truhlarstvi-ryba.com\/wp-content\/uploads\/2025\/04\/Messenger_creation_3FAE1A9F-78EC-49E5-B4D3-68532BF474F0.jpeg 2048w\" sizes=\"auto, (max-width: 1024px) 100vw, 1024px\" \/><\/figure>\n\n\n\n<figure class=\"wp-block-gallery has-nested-images columns-default is-cropped wp-block-gallery-1 is-layout-flex wp-block-gallery-is-layout-flex\">\n<figure class=\"wp-block-image size-large\"><img loading=\"lazy\" decoding=\"async\" width=\"768\" height=\"1024\" data-id=\"60\" src=\"https:\/\/www.truhlarstvi-ryba.com\/wp-content\/uploads\/2025\/04\/IMG-20240626-WA0000-2-768x1024.jpg\" alt=\"\" class=\"wp-image-60\" srcset=\"https:\/\/www.truhlarstvi-ryba.com\/wp-content\/uploads\/2025\/04\/IMG-20240626-WA0000-2-768x1024.jpg 768w, https:\/\/www.truhlarstvi-ryba.com\/wp-content\/uploads\/2025\/04\/IMG-20240626-WA0000-2-225x300.jpg 225w, https:\/\/www.truhlarstvi-ryba.com\/wp-content\/uploads\/2025\/04\/IMG-20240626-WA0000-2-1152x1536.jpg 1152w, https:\/\/www.truhlarstvi-ryba.com\/wp-content\/uploads\/2025\/04\/IMG-20240626-WA0000-2.jpg 1200w\" sizes=\"auto, (max-width: 768px) 100vw, 768px\" \/><\/figure>\n<\/figure>\n<\/div>\n\n\n\n<div class=\"wp-block-column is-layout-flow wp-container-core-column-is-layout-f5bb311e wp-block-column-is-layout-flow\">\n<figure class=\"wp-block-gallery has-nested-images columns-default is-cropped wp-block-gallery-2 is-layout-flex wp-block-gallery-is-layout-flex\">\n<figure class=\"wp-block-image size-large\"><img loading=\"lazy\" decoding=\"async\" width=\"768\" height=\"1024\" data-id=\"203\" src=\"https:\/\/www.truhlarstvi-ryba.com\/wp-content\/uploads\/2025\/04\/IMG-20251114-WA0014-768x1024.jpg\" alt=\"\" class=\"wp-image-203\" srcset=\"https:\/\/www.truhlarstvi-ryba.com\/wp-content\/uploads\/2025\/04\/IMG-20251114-WA0014-768x1024.jpg 768w, https:\/\/www.truhlarstvi-ryba.com\/wp-content\/uploads\/2025\/04\/IMG-20251114-WA0014-225x300.jpg 225w, https:\/\/www.truhlarstvi-ryba.com\/wp-content\/uploads\/2025\/04\/IMG-20251114-WA0014-1152x1536.jpg 1152w, https:\/\/www.truhlarstvi-ryba.com\/wp-content\/uploads\/2025\/04\/IMG-20251114-WA0014-1536x2048.jpg 1536w, https:\/\/www.truhlarstvi-ryba.com\/wp-content\/uploads\/2025\/04\/IMG-20251114-WA0014-scaled.jpg 1920w\" sizes=\"auto, (max-width: 768px) 100vw, 768px\" \/><\/figure>\n\n\n\n<figure class=\"wp-block-image size-large\"><img loading=\"lazy\" decoding=\"async\" width=\"1024\" height=\"768\" data-id=\"202\" src=\"https:\/\/www.truhlarstvi-ryba.com\/wp-content\/uploads\/2025\/04\/IMG-20251114-WA0015-1024x768.jpg\" alt=\"\" class=\"wp-image-202\" srcset=\"https:\/\/www.truhlarstvi-ryba.com\/wp-content\/uploads\/2025\/04\/IMG-20251114-WA0015-1024x768.jpg 1024w, https:\/\/www.truhlarstvi-ryba.com\/wp-content\/uploads\/2025\/04\/IMG-20251114-WA0015-300x225.jpg 300w, https:\/\/www.truhlarstvi-ryba.com\/wp-content\/uploads\/2025\/04\/IMG-20251114-WA0015-768x576.jpg 768w, https:\/\/www.truhlarstvi-ryba.com\/wp-content\/uploads\/2025\/04\/IMG-20251114-WA0015-1536x1152.jpg 1536w, https:\/\/www.truhlarstvi-ryba.com\/wp-content\/uploads\/2025\/04\/IMG-20251114-WA0015-2048x1536.jpg 2048w\" sizes=\"auto, (max-width: 1024px) 100vw, 1024px\" \/><\/figure>\n\n\n\n<figure class=\"wp-block-image size-large\"><img loading=\"lazy\" decoding=\"async\" width=\"1024\" height=\"768\" data-id=\"201\" src=\"https:\/\/www.truhlarstvi-ryba.com\/wp-content\/uploads\/2025\/04\/IMG-20251114-WA0008-1024x768.jpg\" alt=\"\" class=\"wp-image-201\" srcset=\"https:\/\/www.truhlarstvi-ryba.com\/wp-content\/uploads\/2025\/04\/IMG-20251114-WA0008-1024x768.jpg 1024w, https:\/\/www.truhlarstvi-ryba.com\/wp-content\/uploads\/2025\/04\/IMG-20251114-WA0008-300x225.jpg 300w, https:\/\/www.truhlarstvi-ryba.com\/wp-content\/uploads\/2025\/04\/IMG-20251114-WA0008-768x576.jpg 768w, https:\/\/www.truhlarstvi-ryba.com\/wp-content\/uploads\/2025\/04\/IMG-20251114-WA0008-1536x1152.jpg 1536w, https:\/\/www.truhlarstvi-ryba.com\/wp-content\/uploads\/2025\/04\/IMG-20251114-WA0008-2048x1536.jpg 2048w\" sizes=\"auto, (max-width: 1024px) 100vw, 1024px\" \/><\/figure>\n<\/figure>\n<\/div>\n\n\n\n<div class=\"wp-block-column is-layout-flow wp-container-core-column-is-layout-f5bb311e wp-block-column-is-layout-flow\">\n<figure class=\"wp-block-image size-large\"><img loading=\"lazy\" decoding=\"async\" width=\"1024\" height=\"768\" src=\"https:\/\/www.truhlarstvi-ryba.com\/wp-content\/uploads\/2025\/04\/DSC00216-1024x768.jpg\" alt=\"\" class=\"wp-image-147\" srcset=\"https:\/\/www.truhlarstvi-ryba.com\/wp-content\/uploads\/2025\/04\/DSC00216-1024x768.jpg 1024w, https:\/\/www.truhlarstvi-ryba.com\/wp-content\/uploads\/2025\/04\/DSC00216-300x225.jpg 300w, https:\/\/www.truhlarstvi-ryba.com\/wp-content\/uploads\/2025\/04\/DSC00216-768x576.jpg 768w, https:\/\/www.truhlarstvi-ryba.com\/wp-content\/uploads\/2025\/04\/DSC00216-1536x1152.jpg 1536w, https:\/\/www.truhlarstvi-ryba.com\/wp-content\/uploads\/2025\/04\/DSC00216.jpg 2048w\" sizes=\"auto, (max-width: 1024px) 100vw, 1024px\" \/><\/figure>\n<\/div>\n\n\n\n<div class=\"wp-block-column is-layout-flow wp-container-core-column-is-layout-f5bb311e wp-block-column-is-layout-flow\">\n<figure class=\"wp-block-image ext-aspect-landscape\"><img loading=\"lazy\" decoding=\"async\" width=\"1280\" height=\"1280\" src=\"https:\/\/www.truhlarstvi-ryba.com\/wp-content\/uploads\/2025\/04\/922fc23301f69effd08c5bea55dfc07c4197cab0.jpg\" alt=\"\" class=\"wp-image-46\" style=\"aspect-ratio:1;object-fit:cover\" srcset=\"https:\/\/www.truhlarstvi-ryba.com\/wp-content\/uploads\/2025\/04\/922fc23301f69effd08c5bea55dfc07c4197cab0.jpg 1280w, https:\/\/www.truhlarstvi-ryba.com\/wp-content\/uploads\/2025\/04\/922fc23301f69effd08c5bea55dfc07c4197cab0-300x300.jpg 300w, https:\/\/www.truhlarstvi-ryba.com\/wp-content\/uploads\/2025\/04\/922fc23301f69effd08c5bea55dfc07c4197cab0-1024x1024.jpg 1024w, https:\/\/www.truhlarstvi-ryba.com\/wp-content\/uploads\/2025\/04\/922fc23301f69effd08c5bea55dfc07c4197cab0-150x150.jpg 150w, https:\/\/www.truhlarstvi-ryba.com\/wp-content\/uploads\/2025\/04\/922fc23301f69effd08c5bea55dfc07c4197cab0-768x768.jpg 768w\" sizes=\"auto, (max-width: 1280px) 100vw, 1280px\" \/><\/figure>\n\n\n\n<figure class=\"wp-block-image ext-aspect-landscape\"><img loading=\"lazy\" decoding=\"async\" width=\"1280\" height=\"1280\" src=\"https:\/\/www.truhlarstvi-ryba.com\/wp-content\/uploads\/2025\/04\/b3b351699dec9418c044ad2f10917c85e7f618ba.jpg\" alt=\"\" class=\"wp-image-47\" style=\"aspect-ratio:1;object-fit:cover\" srcset=\"https:\/\/www.truhlarstvi-ryba.com\/wp-content\/uploads\/2025\/04\/b3b351699dec9418c044ad2f10917c85e7f618ba.jpg 1280w, https:\/\/www.truhlarstvi-ryba.com\/wp-content\/uploads\/2025\/04\/b3b351699dec9418c044ad2f10917c85e7f618ba-300x300.jpg 300w, https:\/\/www.truhlarstvi-ryba.com\/wp-content\/uploads\/2025\/04\/b3b351699dec9418c044ad2f10917c85e7f618ba-1024x1024.jpg 1024w, https:\/\/www.truhlarstvi-ryba.com\/wp-content\/uploads\/2025\/04\/b3b351699dec9418c044ad2f10917c85e7f618ba-150x150.jpg 150w, https:\/\/www.truhlarstvi-ryba.com\/wp-content\/uploads\/2025\/04\/b3b351699dec9418c044ad2f10917c85e7f618ba-768x768.jpg 768w\" sizes=\"auto, (max-width: 1280px) 100vw, 1280px\" \/><\/figure>\n<\/div>\n<\/div>\n<\/div>\n<\/div>\n\n\n\n<div class=\"wp-block-group alignfull has-background-background-color has-background has-global-padding is-layout-constrained wp-container-core-group-is-layout-7276a2bb wp-block-group-is-layout-constrained\" style=\"margin-top:0;margin-bottom:0;padding-top:var(--wp--preset--spacing--60);padding-right:var(--wp--preset--spacing--30);padding-bottom:var(--wp--preset--spacing--60);padding-left:var(--wp--preset--spacing--30)\">\n<div class=\"wp-block-group alignwide is-vertical is-layout-flex wp-container-core-group-is-layout-fe9cc265 wp-block-group-is-layout-flex\">\n<div class=\"wp-block-group has-global-padding is-layout-constrained wp-block-group-is-layout-constrained\">\n<h2 class=\"wp-block-heading has-large-font-size\">Prozkoumejte n\u00e1\u0161 \u00fachvatn\u00fd galerie.<\/h2>\n\n\n\n<p style=\"margin-top:16px\">Tato sekce zd\u016fraz\u0148uje pe\u010dliv\u011b vybranou sb\u00edrku obr\u00e1zk\u016f, kter\u00e9 ukazuj\u00ed kr\u00e1su a podstatu va\u0161ich nab\u00eddek.<\/p>\n<\/div>\n<\/div>\n\n\n\n<div class=\"wp-block-group alignwide has-global-padding is-layout-constrained wp-block-group-is-layout-constrained\">\n<div class=\"wp-block-columns alignwide is-layout-flex wp-container-core-columns-is-layout-87beb0d0 wp-block-columns-is-layout-flex\">\n<div class=\"wp-block-column is-layout-flow wp-container-core-column-is-layout-f5bb311e wp-block-column-is-layout-flow\">\n<div class=\"wp-block-columns is-layout-flex wp-container-core-columns-is-layout-28f84493 wp-block-columns-is-layout-flex\">\n<div class=\"wp-block-column is-layout-flow wp-block-column-is-layout-flow\" style=\"flex-basis:100%\">\n<figure class=\"wp-block-gallery has-nested-images columns-default is-cropped wp-block-gallery-3 is-layout-flex wp-block-gallery-is-layout-flex\">\n<figure class=\"wp-block-image ext-aspect-landscape\"><img loading=\"lazy\" decoding=\"async\" width=\"1280\" height=\"1280\" data-id=\"40\" src=\"https:\/\/www.truhlarstvi-ryba.com\/wp-content\/uploads\/2025\/04\/c2a419dc698e283eb8c5d9703e0adff8df21d84e.jpg\" alt=\"\" class=\"wp-image-40\" style=\"aspect-ratio:1;object-fit:cover\" srcset=\"https:\/\/www.truhlarstvi-ryba.com\/wp-content\/uploads\/2025\/04\/c2a419dc698e283eb8c5d9703e0adff8df21d84e.jpg 1280w, https:\/\/www.truhlarstvi-ryba.com\/wp-content\/uploads\/2025\/04\/c2a419dc698e283eb8c5d9703e0adff8df21d84e-300x300.jpg 300w, https:\/\/www.truhlarstvi-ryba.com\/wp-content\/uploads\/2025\/04\/c2a419dc698e283eb8c5d9703e0adff8df21d84e-1024x1024.jpg 1024w, https:\/\/www.truhlarstvi-ryba.com\/wp-content\/uploads\/2025\/04\/c2a419dc698e283eb8c5d9703e0adff8df21d84e-150x150.jpg 150w, https:\/\/www.truhlarstvi-ryba.com\/wp-content\/uploads\/2025\/04\/c2a419dc698e283eb8c5d9703e0adff8df21d84e-768x768.jpg 768w\" sizes=\"auto, (max-width: 1280px) 100vw, 1280px\" \/><\/figure>\n<\/figure>\n<\/div>\n<\/div>\n\n\n\n<figure class=\"wp-block-image ext-aspect-landscape\"><img loading=\"lazy\" decoding=\"async\" width=\"1280\" height=\"1280\" src=\"https:\/\/www.truhlarstvi-ryba.com\/wp-content\/uploads\/2025\/04\/ee04233a69106febedfcbbfab7a6e2c4d674729a.jpg\" alt=\"\" class=\"wp-image-41\" style=\"aspect-ratio:1;object-fit:cover\" srcset=\"https:\/\/www.truhlarstvi-ryba.com\/wp-content\/uploads\/2025\/04\/ee04233a69106febedfcbbfab7a6e2c4d674729a.jpg 1280w, https:\/\/www.truhlarstvi-ryba.com\/wp-content\/uploads\/2025\/04\/ee04233a69106febedfcbbfab7a6e2c4d674729a-300x300.jpg 300w, https:\/\/www.truhlarstvi-ryba.com\/wp-content\/uploads\/2025\/04\/ee04233a69106febedfcbbfab7a6e2c4d674729a-1024x1024.jpg 1024w, https:\/\/www.truhlarstvi-ryba.com\/wp-content\/uploads\/2025\/04\/ee04233a69106febedfcbbfab7a6e2c4d674729a-150x150.jpg 150w, https:\/\/www.truhlarstvi-ryba.com\/wp-content\/uploads\/2025\/04\/ee04233a69106febedfcbbfab7a6e2c4d674729a-768x768.jpg 768w\" sizes=\"auto, (max-width: 1280px) 100vw, 1280px\" \/><\/figure>\n<\/div>\n\n\n\n<div class=\"wp-block-column is-layout-flow wp-container-core-column-is-layout-f5bb311e wp-block-column-is-layout-flow\">\n<figure class=\"wp-block-image ext-aspect-landscape\"><img loading=\"lazy\" decoding=\"async\" width=\"1280\" height=\"1280\" src=\"https:\/\/www.truhlarstvi-ryba.com\/wp-content\/uploads\/2025\/04\/117cedeb70eba0641db5a1214a223796d2145e6f.jpg\" alt=\"\" class=\"wp-image-42\" style=\"aspect-ratio:1;object-fit:cover\" srcset=\"https:\/\/www.truhlarstvi-ryba.com\/wp-content\/uploads\/2025\/04\/117cedeb70eba0641db5a1214a223796d2145e6f.jpg 1280w, https:\/\/www.truhlarstvi-ryba.com\/wp-content\/uploads\/2025\/04\/117cedeb70eba0641db5a1214a223796d2145e6f-300x300.jpg 300w, https:\/\/www.truhlarstvi-ryba.com\/wp-content\/uploads\/2025\/04\/117cedeb70eba0641db5a1214a223796d2145e6f-1024x1024.jpg 1024w, https:\/\/www.truhlarstvi-ryba.com\/wp-content\/uploads\/2025\/04\/117cedeb70eba0641db5a1214a223796d2145e6f-150x150.jpg 150w, https:\/\/www.truhlarstvi-ryba.com\/wp-content\/uploads\/2025\/04\/117cedeb70eba0641db5a1214a223796d2145e6f-768x768.jpg 768w\" sizes=\"auto, (max-width: 1280px) 100vw, 1280px\" \/><\/figure>\n\n\n\n<figure class=\"wp-block-image ext-aspect-landscape\"><img loading=\"lazy\" decoding=\"async\" width=\"1280\" height=\"1280\" src=\"https:\/\/www.truhlarstvi-ryba.com\/wp-content\/uploads\/2025\/04\/ee50b90c4ab12f4e321f88b1e169eb7929218cc9.jpg\" alt=\"\" class=\"wp-image-43\" style=\"aspect-ratio:1;object-fit:cover\" srcset=\"https:\/\/www.truhlarstvi-ryba.com\/wp-content\/uploads\/2025\/04\/ee50b90c4ab12f4e321f88b1e169eb7929218cc9.jpg 1280w, https:\/\/www.truhlarstvi-ryba.com\/wp-content\/uploads\/2025\/04\/ee50b90c4ab12f4e321f88b1e169eb7929218cc9-300x300.jpg 300w, https:\/\/www.truhlarstvi-ryba.com\/wp-content\/uploads\/2025\/04\/ee50b90c4ab12f4e321f88b1e169eb7929218cc9-1024x1024.jpg 1024w, https:\/\/www.truhlarstvi-ryba.com\/wp-content\/uploads\/2025\/04\/ee50b90c4ab12f4e321f88b1e169eb7929218cc9-150x150.jpg 150w, https:\/\/www.truhlarstvi-ryba.com\/wp-content\/uploads\/2025\/04\/ee50b90c4ab12f4e321f88b1e169eb7929218cc9-768x768.jpg 768w\" sizes=\"auto, (max-width: 1280px) 100vw, 1280px\" \/><\/figure>\n<\/div>\n\n\n\n<div class=\"wp-block-column is-layout-flow wp-container-core-column-is-layout-f5bb311e wp-block-column-is-layout-flow\">\n<figure class=\"wp-block-image ext-aspect-landscape\"><img loading=\"lazy\" decoding=\"async\" width=\"1280\" height=\"1280\" src=\"https:\/\/www.truhlarstvi-ryba.com\/wp-content\/uploads\/2025\/04\/a3a02f90a62f987cd16301050d62363e9c9dee17.jpg\" alt=\"\" class=\"wp-image-44\" style=\"aspect-ratio:1;object-fit:cover\" srcset=\"https:\/\/www.truhlarstvi-ryba.com\/wp-content\/uploads\/2025\/04\/a3a02f90a62f987cd16301050d62363e9c9dee17.jpg 1280w, https:\/\/www.truhlarstvi-ryba.com\/wp-content\/uploads\/2025\/04\/a3a02f90a62f987cd16301050d62363e9c9dee17-300x300.jpg 300w, https:\/\/www.truhlarstvi-ryba.com\/wp-content\/uploads\/2025\/04\/a3a02f90a62f987cd16301050d62363e9c9dee17-1024x1024.jpg 1024w, https:\/\/www.truhlarstvi-ryba.com\/wp-content\/uploads\/2025\/04\/a3a02f90a62f987cd16301050d62363e9c9dee17-150x150.jpg 150w, https:\/\/www.truhlarstvi-ryba.com\/wp-content\/uploads\/2025\/04\/a3a02f90a62f987cd16301050d62363e9c9dee17-768x768.jpg 768w\" sizes=\"auto, (max-width: 1280px) 100vw, 1280px\" \/><\/figure>\n\n\n\n<figure class=\"wp-block-image ext-aspect-landscape\"><img loading=\"lazy\" decoding=\"async\" width=\"1280\" height=\"1280\" src=\"https:\/\/www.truhlarstvi-ryba.com\/wp-content\/uploads\/2025\/04\/912f5b49a756d97bbd8c57e00e31fe44c7015f4d.jpg\" alt=\"\" class=\"wp-image-45\" style=\"aspect-ratio:1;object-fit:cover\" srcset=\"https:\/\/www.truhlarstvi-ryba.com\/wp-content\/uploads\/2025\/04\/912f5b49a756d97bbd8c57e00e31fe44c7015f4d.jpg 1280w, https:\/\/www.truhlarstvi-ryba.com\/wp-content\/uploads\/2025\/04\/912f5b49a756d97bbd8c57e00e31fe44c7015f4d-300x300.jpg 300w, https:\/\/www.truhlarstvi-ryba.com\/wp-content\/uploads\/2025\/04\/912f5b49a756d97bbd8c57e00e31fe44c7015f4d-1024x1024.jpg 1024w, https:\/\/www.truhlarstvi-ryba.com\/wp-content\/uploads\/2025\/04\/912f5b49a756d97bbd8c57e00e31fe44c7015f4d-150x150.jpg 150w, https:\/\/www.truhlarstvi-ryba.com\/wp-content\/uploads\/2025\/04\/912f5b49a756d97bbd8c57e00e31fe44c7015f4d-768x768.jpg 768w\" sizes=\"auto, (max-width: 1280px) 100vw, 1280px\" \/><\/figure>\n<\/div>\n\n\n\n<div class=\"wp-block-column is-layout-flow wp-container-core-column-is-layout-f5bb311e wp-block-column-is-layout-flow\">\n<figure class=\"wp-block-image ext-aspect-landscape\"><img loading=\"lazy\" decoding=\"async\" width=\"1280\" height=\"1280\" src=\"https:\/\/www.truhlarstvi-ryba.com\/wp-content\/uploads\/2025\/04\/922fc23301f69effd08c5bea55dfc07c4197cab0.jpg\" alt=\"\" class=\"wp-image-46\" style=\"aspect-ratio:1;object-fit:cover\" srcset=\"https:\/\/www.truhlarstvi-ryba.com\/wp-content\/uploads\/2025\/04\/922fc23301f69effd08c5bea55dfc07c4197cab0.jpg 1280w, https:\/\/www.truhlarstvi-ryba.com\/wp-content\/uploads\/2025\/04\/922fc23301f69effd08c5bea55dfc07c4197cab0-300x300.jpg 300w, https:\/\/www.truhlarstvi-ryba.com\/wp-content\/uploads\/2025\/04\/922fc23301f69effd08c5bea55dfc07c4197cab0-1024x1024.jpg 1024w, https:\/\/www.truhlarstvi-ryba.com\/wp-content\/uploads\/2025\/04\/922fc23301f69effd08c5bea55dfc07c4197cab0-150x150.jpg 150w, https:\/\/www.truhlarstvi-ryba.com\/wp-content\/uploads\/2025\/04\/922fc23301f69effd08c5bea55dfc07c4197cab0-768x768.jpg 768w\" sizes=\"auto, (max-width: 1280px) 100vw, 1280px\" \/><\/figure>\n\n\n\n<figure class=\"wp-block-image ext-aspect-landscape\"><img loading=\"lazy\" decoding=\"async\" width=\"1280\" height=\"1280\" src=\"https:\/\/www.truhlarstvi-ryba.com\/wp-content\/uploads\/2025\/04\/b3b351699dec9418c044ad2f10917c85e7f618ba.jpg\" alt=\"\" class=\"wp-image-47\" style=\"aspect-ratio:1;object-fit:cover\" srcset=\"https:\/\/www.truhlarstvi-ryba.com\/wp-content\/uploads\/2025\/04\/b3b351699dec9418c044ad2f10917c85e7f618ba.jpg 1280w, https:\/\/www.truhlarstvi-ryba.com\/wp-content\/uploads\/2025\/04\/b3b351699dec9418c044ad2f10917c85e7f618ba-300x300.jpg 300w, https:\/\/www.truhlarstvi-ryba.com\/wp-content\/uploads\/2025\/04\/b3b351699dec9418c044ad2f10917c85e7f618ba-1024x1024.jpg 1024w, https:\/\/www.truhlarstvi-ryba.com\/wp-content\/uploads\/2025\/04\/b3b351699dec9418c044ad2f10917c85e7f618ba-150x150.jpg 150w, https:\/\/www.truhlarstvi-ryba.com\/wp-content\/uploads\/2025\/04\/b3b351699dec9418c044ad2f10917c85e7f618ba-768x768.jpg 768w\" sizes=\"auto, (max-width: 1280px) 100vw, 1280px\" \/><\/figure>\n<\/div>\n<\/div>\n<\/div>\n<\/div>\n","protected":false},"excerpt":{"rendered":"<p>Prozkoumejte n\u00e1\u0161 \u00fachvatn\u00fd galerie. Tato sekce zd\u016fraz\u0148uje pe\u010dliv\u011b vybranou sb\u00edrku obr\u00e1zk\u016f, kter\u00e9 ukazuj\u00ed kr\u00e1su a podstatu va\u0161ich nab\u00eddek. GALERII P\u0158IPRAVUJEME. Prozkoumejte n\u00e1\u0161 \u00fachvatn\u00fd galerie. Tato sekce zd\u016fraz\u0148uje pe\u010dliv\u011b vybranou sb\u00edrku obr\u00e1zk\u016f, kter\u00e9 ukazuj\u00ed kr\u00e1su a podstatu va\u0161ich nab\u00eddek.<\/p>\n","protected":false},"author":1,"featured_media":0,"parent":0,"menu_order":0,"comment_status":"closed","ping_status":"closed","template":"","meta":{"footnotes":""},"class_list":["post-50","page","type-page","status-publish","hentry"],"_links":{"self":[{"href":"https:\/\/www.truhlarstvi-ryba.com\/index.php\/wp-json\/wp\/v2\/pages\/50","targetHints":{"allow":["GET"]}}],"collection":[{"href":"https:\/\/www.truhlarstvi-ryba.com\/index.php\/wp-json\/wp\/v2\/pages"}],"about":[{"href":"https:\/\/www.truhlarstvi-ryba.com\/index.php\/wp-json\/wp\/v2\/types\/page"}],"author":[{"embeddable":true,"href":"https:\/\/www.truhlarstvi-ryba.com\/index.php\/wp-json\/wp\/v2\/users\/1"}],"replies":[{"embeddable":true,"href":"https:\/\/www.truhlarstvi-ryba.com\/index.php\/wp-json\/wp\/v2\/comments?post=50"}],"version-history":[{"count":15,"href":"https:\/\/www.truhlarstvi-ryba.com\/index.php\/wp-json\/wp\/v2\/pages\/50\/revisions"}],"predecessor-version":[{"id":208,"href":"https:\/\/www.truhlarstvi-ryba.com\/index.php\/wp-json\/wp\/v2\/pages\/50\/revisions\/208"}],"wp:attachment":[{"href":"https:\/\/www.truhlarstvi-ryba.com\/index.php\/wp-json\/wp\/v2\/media?parent=50"}],"curies":[{"name":"wp","href":"https:\/\/api.w.org\/{rel}","templated":true}]}}